{"id":7894,"date":"2025-06-05T23:25:15","date_gmt":"2025-06-05T23:25:15","guid":{"rendered":"https:\/\/carlos-duarte.pt\/?page_id=7894"},"modified":"2025-06-06T10:15:23","modified_gmt":"2025-06-06T10:15:23","slug":"politica-de-cookies","status":"publish","type":"page","link":"https:\/\/carlos-duarte.pt\/en\/politica-de-cookies\/","title":{"rendered":"Cookie Policy"},"content":{"rendered":"<h3 class=\"wp-block-heading\">A <strong>Carlos Duarte \u2013 Consulting and Accounting, Unipessoal Lda<\/strong> utiliza cookies no seu website para melhorar o desempenho e a experi\u00eancia de navega\u00e7\u00e3o dos utilizadores.<\/h3>\n\n\n\n<h4 class=\"wp-block-heading\"><strong>O que s\u00e3o cookies?<\/strong><\/h4>\n\n\n\n<p>Os cookies s\u00e3o pequenos ficheiros de texto armazenados no seu computador ou dispositivo m\u00f3vel atrav\u00e9s do navegador de internet (browser), quando visita um website. Estes ficheiros permitem que o site reconhe\u00e7a o seu dispositivo em futuras visitas.<\/p>\n\n\n\n<h4 class=\"wp-block-heading\"><strong>Para que servem os cookies?<\/strong><\/h4>\n\n\n\n<p>Alguns cookies s\u00e3o essenciais para garantir o funcionamento adequado do site, enquanto outros s\u00e3o utilizados para melhorar o desempenho, personalizar a experi\u00eancia do utilizador e recolher dados estat\u00edsticos an\u00f3nimos sobre a navega\u00e7\u00e3o.<\/p>\n\n\n\n<h4 class=\"wp-block-heading\"><strong>Consentimento para a utiliza\u00e7\u00e3o de cookies<\/strong><\/h4>\n\n\n\n<p>Ao continuar a utilizar o nosso website, depois de ver o aviso sobre cookies, est\u00e1 a consentir a sua utiliza\u00e7\u00e3o. Caso n\u00e3o concorde com a utiliza\u00e7\u00e3o de cookies, dever\u00e1 ajustar as defini\u00e7\u00f5es do seu navegador ou cessar a utiliza\u00e7\u00e3o do site.<\/p>\n\n\n\n<h4 class=\"wp-block-heading\"><strong>Gest\u00e3o de cookies no navegador<\/strong><\/h4>\n\n\n\n<p>Pode, a qualquer momento, configurar o seu navegador para aceitar, recusar ou eliminar cookies. A forma como o faz depende do navegador que utiliza. Consulte a sec\u00e7\u00e3o de ajuda do seu navegador para saber como alterar as suas prefer\u00eancias.<\/p>\n\n\n\n<p>Se configurar o seu navegador para aceitar cookies, os cookies utilizados neste site poder\u00e3o ser armazenados temporariamente num espa\u00e7o espec\u00edfico do seu dispositivo. Apenas o emissor desses cookies poder\u00e1 aceder \u00e0s informa\u00e7\u00f5es a\u00ed guardadas.<\/p>\n\n\n\n<h4 class=\"wp-block-heading\"><strong>Atualiza\u00e7\u00f5es a esta pol\u00edtica<\/strong><\/h4>\n\n\n\n<p>A <strong>Carlos Duarte \u2013 Consulting and Accounting, Unipessoal Lda<\/strong> reserva-se o direito de modificar esta pol\u00edtica de cookies a qualquer momento. Recomendamos que consulte esta p\u00e1gina regularmente para estar a par de quaisquer altera\u00e7\u00f5es ou atualiza\u00e7\u00f5es.<\/p>\n\n\n\n<h4 class=\"wp-block-heading\"><strong>Contacto<\/strong><\/h4>\n\n\n\n<p>Se tiver alguma quest\u00e3o sobre esta Pol\u00edtica de Cookies, pode contactar-nos atrav\u00e9s do email: <strong>geral@carlosduarte.pt<\/strong><\/p>","protected":false},"excerpt":{"rendered":"<p>A Carlos Duarte \u2013 Consultoria e Contabilidade, Unipessoal Lda utiliza cookies no seu website para melhorar o desempenho e a experi\u00eancia de navega\u00e7\u00e3o dos utilizadores. O que s\u00e3o cookies? Os cookies s\u00e3o pequenos ficheiros de texto armazenados no seu computador [&hellip;]<\/p>","protected":false},"author":1,"featured_media":0,"parent":0,"menu_order":0,"comment_status":"closed","ping_status":"closed","template":"","meta":{"footnotes":""},"class_list":["post-7894","page","type-page","status-publish","hentry"],"yoast_head":"<!-- This site is optimized with the Yoast SEO plugin v25.9 - https:\/\/yoast.com\/wordpress\/plugins\/seo\/ -->\n<title>Pol\u00edtica de Cookies - Carlos Duarte - Consultoria &amp; Contabilidade<\/title>\n<meta name=\"robots\" content=\"index, follow, max-snippet:-1, max-image-preview:large, max-video-preview:-1\" \/>\n<link rel=\"canonical\" href=\"https:\/\/carlos-duarte.pt\/en\/politica-de-cookies\/\" \/>\n<meta property=\"og:locale\" content=\"en_US\" \/>\n<meta property=\"og:type\" content=\"article\" \/>\n<meta property=\"og:title\" content=\"Pol\u00edtica de Cookies - Carlos Duarte - Consultoria &amp; Contabilidade\" \/>\n<meta property=\"og:description\" content=\"A Carlos Duarte \u2013 Consultoria e Contabilidade, Unipessoal Lda utiliza cookies no seu website para melhorar o desempenho e a experi\u00eancia de navega\u00e7\u00e3o dos utilizadores. O que s\u00e3o cookies? Os cookies s\u00e3o pequenos ficheiros de texto armazenados no seu computador [&hellip;]\" \/>\n<meta property=\"og:url\" content=\"https:\/\/carlos-duarte.pt\/en\/politica-de-cookies\/\" \/>\n<meta property=\"og:site_name\" content=\"Carlos Duarte - Consultoria &amp; Contabilidade\" \/>\n<meta property=\"article:modified_time\" content=\"2025-06-06T10:15:23+00:00\" \/>\n<meta name=\"twitter:card\" content=\"summary_large_image\" \/>\n<meta name=\"twitter:label1\" content=\"Est. reading time\" \/>\n\t<meta name=\"twitter:data1\" content=\"2 minutes\" \/>\n<script type=\"application\/ld+json\" class=\"yoast-schema-graph\">{\"@context\":\"https:\/\/schema.org\",\"@graph\":[{\"@type\":\"WebPage\",\"@id\":\"https:\/\/carlos-duarte.pt\/politica-de-cookies\/\",\"url\":\"https:\/\/carlos-duarte.pt\/politica-de-cookies\/\",\"name\":\"Pol\u00edtica de Cookies - Carlos Duarte - Consultoria &amp; Contabilidade\",\"isPartOf\":{\"@id\":\"https:\/\/carlos-duarte.pt\/#website\"},\"datePublished\":\"2025-06-05T23:25:15+00:00\",\"dateModified\":\"2025-06-06T10:15:23+00:00\",\"breadcrumb\":{\"@id\":\"https:\/\/carlos-duarte.pt\/politica-de-cookies\/#breadcrumb\"},\"inLanguage\":\"en-US\",\"potentialAction\":[{\"@type\":\"ReadAction\",\"target\":[\"https:\/\/carlos-duarte.pt\/politica-de-cookies\/\"]}]},{\"@type\":\"BreadcrumbList\",\"@id\":\"https:\/\/carlos-duarte.pt\/politica-de-cookies\/#breadcrumb\",\"itemListElement\":[{\"@type\":\"ListItem\",\"position\":1,\"name\":\"In\u00edcio\",\"item\":\"https:\/\/carlos-duarte.pt\/\"},{\"@type\":\"ListItem\",\"position\":2,\"name\":\"Pol\u00edtica de Cookies\"}]},{\"@type\":\"WebSite\",\"@id\":\"https:\/\/carlos-duarte.pt\/#website\",\"url\":\"https:\/\/carlos-duarte.pt\/\",\"name\":\"Carlos Duarte - Consultoria & Contabilidade\",\"description\":\"Consultoria &amp; Contabilidade\",\"publisher\":{\"@id\":\"https:\/\/carlos-duarte.pt\/#organization\"},\"potentialAction\":[{\"@type\":\"SearchAction\",\"target\":{\"@type\":\"EntryPoint\",\"urlTemplate\":\"https:\/\/carlos-duarte.pt\/?s={search_term_string}\"},\"query-input\":{\"@type\":\"PropertyValueSpecification\",\"valueRequired\":true,\"valueName\":\"search_term_string\"}}],\"inLanguage\":\"en-US\"},{\"@type\":\"Organization\",\"@id\":\"https:\/\/carlos-duarte.pt\/#organization\",\"name\":\"Carlos Duarte - Consultoria & Contabilidade\",\"url\":\"https:\/\/carlos-duarte.pt\/\",\"logo\":{\"@type\":\"ImageObject\",\"inLanguage\":\"en-US\",\"@id\":\"https:\/\/carlos-duarte.pt\/#\/schema\/logo\/image\/\",\"url\":\"https:\/\/carlos-duarte.pt\/wp-content\/uploads\/2025\/01\/Logo-Email-Carlos-Duarte.png\",\"contentUrl\":\"https:\/\/carlos-duarte.pt\/wp-content\/uploads\/2025\/01\/Logo-Email-Carlos-Duarte.png\",\"width\":1544,\"height\":306,\"caption\":\"Carlos Duarte - Consultoria & Contabilidade\"},\"image\":{\"@id\":\"https:\/\/carlos-duarte.pt\/#\/schema\/logo\/image\/\"},\"sameAs\":[\"https:\/\/www.linkedin.com\/company\/carlosduarteconsultor\/\"]}]}<\/script>\n<!-- \/ Yoast SEO plugin. -->","yoast_head_json":{"title":"Pol\u00edtica de Cookies - Carlos Duarte - Consultoria &amp; Contabilidade","robots":{"index":"index","follow":"follow","max-snippet":"max-snippet:-1","max-image-preview":"max-image-preview:large","max-video-preview":"max-video-preview:-1"},"canonical":"https:\/\/carlos-duarte.pt\/en\/politica-de-cookies\/","og_locale":"en_US","og_type":"article","og_title":"Pol\u00edtica de Cookies - Carlos Duarte - Consultoria &amp; Contabilidade","og_description":"A Carlos Duarte \u2013 Consultoria e Contabilidade, Unipessoal Lda utiliza cookies no seu website para melhorar o desempenho e a experi\u00eancia de navega\u00e7\u00e3o dos utilizadores. O que s\u00e3o cookies? Os cookies s\u00e3o pequenos ficheiros de texto armazenados no seu computador [&hellip;]","og_url":"https:\/\/carlos-duarte.pt\/en\/politica-de-cookies\/","og_site_name":"Carlos Duarte - Consultoria &amp; Contabilidade","article_modified_time":"2025-06-06T10:15:23+00:00","twitter_card":"summary_large_image","twitter_misc":{"Est. reading time":"2 minutes"},"schema":{"@context":"https:\/\/schema.org","@graph":[{"@type":"WebPage","@id":"https:\/\/carlos-duarte.pt\/politica-de-cookies\/","url":"https:\/\/carlos-duarte.pt\/politica-de-cookies\/","name":"Pol\u00edtica de Cookies - Carlos Duarte - Consultoria &amp; Contabilidade","isPartOf":{"@id":"https:\/\/carlos-duarte.pt\/#website"},"datePublished":"2025-06-05T23:25:15+00:00","dateModified":"2025-06-06T10:15:23+00:00","breadcrumb":{"@id":"https:\/\/carlos-duarte.pt\/politica-de-cookies\/#breadcrumb"},"inLanguage":"en-US","potentialAction":[{"@type":"ReadAction","target":["https:\/\/carlos-duarte.pt\/politica-de-cookies\/"]}]},{"@type":"BreadcrumbList","@id":"https:\/\/carlos-duarte.pt\/politica-de-cookies\/#breadcrumb","itemListElement":[{"@type":"ListItem","position":1,"name":"In\u00edcio","item":"https:\/\/carlos-duarte.pt\/"},{"@type":"ListItem","position":2,"name":"Pol\u00edtica de Cookies"}]},{"@type":"WebSite","@id":"https:\/\/carlos-duarte.pt\/#website","url":"https:\/\/carlos-duarte.pt\/","name":"Carlos Duarte - Consultoria & Contabilidade","description":"Consultoria &amp; Contabilidade","publisher":{"@id":"https:\/\/carlos-duarte.pt\/#organization"},"potentialAction":[{"@type":"SearchAction","target":{"@type":"EntryPoint","urlTemplate":"https:\/\/carlos-duarte.pt\/?s={search_term_string}"},"query-input":{"@type":"PropertyValueSpecification","valueRequired":true,"valueName":"search_term_string"}}],"inLanguage":"en-US"},{"@type":"Organization","@id":"https:\/\/carlos-duarte.pt\/#organization","name":"Carlos Duarte - Consultoria & Contabilidade","url":"https:\/\/carlos-duarte.pt\/","logo":{"@type":"ImageObject","inLanguage":"en-US","@id":"https:\/\/carlos-duarte.pt\/#\/schema\/logo\/image\/","url":"https:\/\/carlos-duarte.pt\/wp-content\/uploads\/2025\/01\/Logo-Email-Carlos-Duarte.png","contentUrl":"https:\/\/carlos-duarte.pt\/wp-content\/uploads\/2025\/01\/Logo-Email-Carlos-Duarte.png","width":1544,"height":306,"caption":"Carlos Duarte - Consultoria & Contabilidade"},"image":{"@id":"https:\/\/carlos-duarte.pt\/#\/schema\/logo\/image\/"},"sameAs":["https:\/\/www.linkedin.com\/company\/carlosduarteconsultor\/"]}]}},"_links":{"self":[{"href":"https:\/\/carlos-duarte.pt\/en\/wp-json\/wp\/v2\/pages\/7894","targetHints":{"allow":["GET"]}}],"collection":[{"href":"https:\/\/carlos-duarte.pt\/en\/wp-json\/wp\/v2\/pages"}],"about":[{"href":"https:\/\/carlos-duarte.pt\/en\/wp-json\/wp\/v2\/types\/page"}],"author":[{"embeddable":true,"href":"https:\/\/carlos-duarte.pt\/en\/wp-json\/wp\/v2\/users\/1"}],"replies":[{"embeddable":true,"href":"https:\/\/carlos-duarte.pt\/en\/wp-json\/wp\/v2\/comments?post=7894"}],"version-history":[{"count":2,"href":"https:\/\/carlos-duarte.pt\/en\/wp-json\/wp\/v2\/pages\/7894\/revisions"}],"predecessor-version":[{"id":7913,"href":"https:\/\/carlos-duarte.pt\/en\/wp-json\/wp\/v2\/pages\/7894\/revisions\/7913"}],"wp:attachment":[{"href":"https:\/\/carlos-duarte.pt\/en\/wp-json\/wp\/v2\/media?parent=7894"}],"curies":[{"name":"wp","href":"https:\/\/api.w.org\/{rel}","templated":true}]}}